{"id":20,"date":"2024-07-02T15:15:42","date_gmt":"2024-07-02T13:15:42","guid":{"rendered":"https:\/\/exempelwebb.se\/gisleinnovations\/?page_id=20"},"modified":"2024-08-16T16:02:09","modified_gmt":"2024-08-16T14:02:09","slug":"produkter","status":"publish","type":"page","link":"https:\/\/exempelwebb.se\/gisleinnovations\/produkter\/","title":{"rendered":"Produkter"},"content":{"rendered":"<p>[et_pb_section fb_built=&#8221;1&#8243; _builder_version=&#8221;4.25.2&#8243; _module_preset=&#8221;default&#8221; background_image=&#8221;https:\/\/exempelwebb.se\/gisleinnovations\/wp-content\/uploads\/2024\/07\/ladugardsjobb-1.jpg&#8221; custom_padding=&#8221;110px||110px||true|false&#8221; global_colors_info=&#8221;{}&#8221;][et_pb_row _builder_version=&#8221;4.25.2&#8243; _module_preset=&#8221;default&#8221; global_colors_info=&#8221;{}&#8221;][et_pb_column type=&#8221;4_4&#8243; _builder_version=&#8221;4.25.2&#8243; _module_preset=&#8221;default&#8221; global_colors_info=&#8221;{}&#8221;][et_pb_text _builder_version=&#8221;4.27.0&#8243; _module_preset=&#8221;default&#8221; header_text_color=&#8221;#FFFFFF&#8221; global_colors_info=&#8221;{}&#8221;]<\/p>\n<h1 style=\"text-align: center;\">Produkter<\/h1>\n<p>[\/et_pb_text][\/et_pb_column][\/et_pb_row][\/et_pb_section][et_pb_section fb_built=&#8221;1&#8243; _builder_version=&#8221;4.25.2&#8243; _module_preset=&#8221;default&#8221; global_colors_info=&#8221;{}&#8221;][et_pb_row column_structure=&#8221;1_2,1_2&#8243; _builder_version=&#8221;4.25.2&#8243; _module_preset=&#8221;default&#8221; global_colors_info=&#8221;{}&#8221;][et_pb_column type=&#8221;1_2&#8243; _builder_version=&#8221;4.25.2&#8243; _module_preset=&#8221;default&#8221; global_colors_info=&#8221;{}&#8221;][et_pb_text _builder_version=&#8221;4.27.0&#8243; _module_preset=&#8221;default&#8221; hover_enabled=&#8221;0&#8243; global_colors_info=&#8221;{}&#8221; sticky_enabled=&#8221;0&#8243;]<\/p>\n<h3><span class=\"wysiwyg-font-size-30\"><span>5 fr\u00e5gor att svara p\u00e5<\/span><\/span><\/h3>\n<\/div>\n<div class=\"contentgroup__body  \">\n<ul>\n<li><span class=\"wysiwyg-font-size-16\"><span>Tycker ni att er solv\u00e4rmeanl\u00e4ggning anv\u00e4nds helt ut?<\/span><\/span><\/li>\n<li><span class=\"wysiwyg-font-size-16\"><span>Skulle ni vilja minska era elr\u00e4kningar?<\/span><\/span><\/li>\n<li><span class=\"wysiwyg-font-size-16\"><span>Vill ni vara med och minska er p\u00e5verkan p\u00e5 naturen?<\/span><\/span><\/li>\n<li><span class=\"wysiwyg-font-size-16\"><span>Vill ni ha mer tid f\u00f6r familj och v\u00e4nner?<\/span><\/span><\/li>\n<li><span class=\"wysiwyg-font-size-16\"><span>Vill ni arbeta mindre och njuta mer av livet?<\/span><\/span><\/li>\n<\/ul>\n<\/div>\n<\/div>\n<p>[\/et_pb_text][\/et_pb_column][et_pb_column type=&#8221;1_2&#8243; _builder_version=&#8221;4.25.2&#8243; _module_preset=&#8221;default&#8221; global_colors_info=&#8221;{}&#8221;][et_pb_image src=&#8221;https:\/\/exempelwebb.se\/gisleinnovations\/wp-content\/uploads\/2024\/08\/240d45c6-6ec8-486d-b46a-516b7bd744f5.jpg&#8221; title_text=&#8221;OLYMPUS DIGITAL CAMERA&#8221; url=&#8221;http:\/\/www.lesol.se\/&#8221; _builder_version=&#8221;4.27.0&#8243; _module_preset=&#8221;default&#8221; global_colors_info=&#8221;{}&#8221;][\/et_pb_image][\/et_pb_column][\/et_pb_row][et_pb_row _builder_version=&#8221;4.25.2&#8243; _module_preset=&#8221;default&#8221; global_colors_info=&#8221;{}&#8221;][et_pb_column type=&#8221;4_4&#8243; _builder_version=&#8221;4.25.2&#8243; _module_preset=&#8221;default&#8221; global_colors_info=&#8221;{}&#8221;][et_pb_text _builder_version=&#8221;4.27.0&#8243; _module_preset=&#8221;default&#8221; global_colors_info=&#8221;{}&#8221;]<\/p>\n<h3>Svaren p\u00e5 fr\u00e5gorna<\/h3>\n<ul>\n<li><span class=\"wysiwyg-font-size-16\"><span>Svarar ni JA p\u00e5 minst en av fr\u00e5gorna \u00e4r v\u00e5r produkt n\u00e5got f\u00f6r er.<\/span><\/span><\/li>\n<li><span class=\"wysiwyg-font-size-16\"><span>Byt ert gamla glas p\u00e5 solf\u00e5ngaren mot v\u00e5rt glas s\u00e5 \u00e4r ni snart i g\u00e5ng med den nya produkten.<\/span><\/span><\/li>\n<li><span class=\"wysiwyg-font-size-16\"><span>Vi hj\u00e4lper er med elektriker som utf\u00f6r el-installationen som beh\u00f6vs f\u00f6r att glaset skall fungera.<\/span><\/span><\/li>\n<li><span class=\"wysiwyg-font-size-16\"><span>V\u00e5r produkt \u00e4r bidragsber\u00e4ttigad f\u00f6r ROT-avdraget n\u00e4r det g\u00e4ller arbetskostnaden.<\/span><\/span><\/li>\n<li><span class=\"wysiwyg-font-size-16\"><span>Vi kan med denna produkt f\u00e5 er att utnyttja solens str\u00e5lar hela \u00e5ret.<\/span><\/span><\/li>\n<li><span class=\"wysiwyg-font-size-16\"><span>V\u00e5r produkt tar bort sn\u00f6 och is p\u00e5 panelerna varje dag tills v\u00e5ren \u00e4r tillbaka.<\/span><\/span><\/li>\n<li><span class=\"wysiwyg-font-size-16\"><span>Vi har skapat en produkt som sm\u00e4lter sn\u00f6 och is vilket g\u00f6r det m\u00f6jligt f\u00f6r er att kunna ta tillvara solstr\u00e5larna en fin februaridag.<\/span><\/span><\/li>\n<\/ul>\n<p>[\/et_pb_text][\/et_pb_column][\/et_pb_row][\/et_pb_section]<\/p>\n","protected":false},"excerpt":{"rendered":"<p>Produkter5 fr\u00e5gor att svara p\u00e5 Tycker ni att er solv\u00e4rmeanl\u00e4ggning anv\u00e4nds helt ut? Skulle ni vilja minska era elr\u00e4kningar? Vill ni vara med och minska er p\u00e5verkan p\u00e5 naturen? Vill ni ha mer tid f\u00f6r familj och v\u00e4nner? Vill ni arbeta mindre och njuta mer av livet? Svaren p\u00e5 fr\u00e5gorna Svarar ni JA p\u00e5 minst [&hellip;]<\/p>\n","protected":false},"author":1,"featured_media":0,"parent":0,"menu_order":0,"comment_status":"closed","ping_status":"closed","template":"","meta":{"_et_pb_use_builder":"on","_et_pb_old_content":"","_et_gb_content_width":"","footnotes":""},"class_list":["post-20","page","type-page","status-publish","hentry"],"_links":{"self":[{"href":"https:\/\/exempelwebb.se\/gisleinnovations\/wp-json\/wp\/v2\/pages\/20","targetHints":{"allow":["GET"]}}],"collection":[{"href":"https:\/\/exempelwebb.se\/gisleinnovations\/wp-json\/wp\/v2\/pages"}],"about":[{"href":"https:\/\/exempelwebb.se\/gisleinnovations\/wp-json\/wp\/v2\/types\/page"}],"author":[{"embeddable":true,"href":"https:\/\/exempelwebb.se\/gisleinnovations\/wp-json\/wp\/v2\/users\/1"}],"replies":[{"embeddable":true,"href":"https:\/\/exempelwebb.se\/gisleinnovations\/wp-json\/wp\/v2\/comments?post=20"}],"version-history":[{"count":4,"href":"https:\/\/exempelwebb.se\/gisleinnovations\/wp-json\/wp\/v2\/pages\/20\/revisions"}],"predecessor-version":[{"id":191,"href":"https:\/\/exempelwebb.se\/gisleinnovations\/wp-json\/wp\/v2\/pages\/20\/revisions\/191"}],"wp:attachment":[{"href":"https:\/\/exempelwebb.se\/gisleinnovations\/wp-json\/wp\/v2\/media?parent=20"}],"curies":[{"name":"wp","href":"https:\/\/api.w.org\/{rel}","templated":true}]}}