{"id":523,"date":"2021-09-01T14:31:20","date_gmt":"2021-09-01T12:31:20","guid":{"rendered":"https:\/\/exempelwebb.se\/besiktningshuset\/?page_id=523"},"modified":"2021-09-01T15:40:45","modified_gmt":"2021-09-01T13:40:45","slug":"besiktningsman-pa-visning","status":"publish","type":"page","link":"https:\/\/exempelwebb.se\/besiktningshuset\/vara-tjanster\/besiktningsman-pa-visning\/","title":{"rendered":"Besiktningsman p\u00e5 visning"},"content":{"rendered":"<p>[et_pb_section fb_built=&#8221;1&#8243; _builder_version=&#8221;4.10.4&#8243; _module_preset=&#8221;default&#8221; custom_margin=&#8221;-85px||||false|false&#8221; custom_padding=&#8221;0px||0px||false|false&#8221; global_colors_info=&#8221;{}&#8221;][et_pb_row _builder_version=&#8221;4.10.4&#8243; _module_preset=&#8221;default&#8221; width=&#8221;100%&#8221; max_width=&#8221;2560px&#8221; custom_margin=&#8221;||||false|false&#8221; custom_padding=&#8221;0px||0px||false|false&#8221; global_colors_info=&#8221;{}&#8221;][et_pb_column type=&#8221;4_4&#8243; _builder_version=&#8221;4.10.4&#8243; _module_preset=&#8221;default&#8221; global_colors_info=&#8221;{}&#8221;][et_pb_slider _builder_version=&#8221;4.10.5&#8243; _module_preset=&#8221;default&#8221; body_font=&#8221;|700|||||||&#8221; body_font_size=&#8221;36px&#8221; body_line_height=&#8221;1.8em&#8221; height=&#8221;600px&#8221; global_colors_info=&#8221;{}&#8221;][et_pb_slide heading=&#8221;BESIKTNINGSMAN P\u00c5 VISNING&#8221; _builder_version=&#8221;4.10.5&#8243; _module_preset=&#8221;default&#8221; header_font=&#8221;|700|||||||&#8221; header_font_size=&#8221;50px&#8221; background_image=&#8221;https:\/\/exempelwebb.se\/besiktningshuset\/wp-content\/uploads\/2021\/08\/silde_stockholm.jpg&#8221; background_enable_image=&#8221;on&#8221; global_colors_info=&#8221;{}&#8221; sticky_transition=&#8221;on&#8221;][\/et_pb_slide][\/et_pb_slider][\/et_pb_column][\/et_pb_row][\/et_pb_section][et_pb_section fb_built=&#8221;1&#8243; specialty=&#8221;on&#8221; _builder_version=&#8221;4.10.4&#8243; _module_preset=&#8221;default&#8221; background_color=&#8221;#444444&#8243; global_colors_info=&#8221;{}&#8221;][et_pb_column type=&#8221;1_4&#8243; _builder_version=&#8221;3.25&#8243; custom_padding=&#8221;|||&#8221; global_colors_info=&#8221;{}&#8221; custom_padding__hover=&#8221;|||&#8221;][et_pb_text admin_label=&#8221;text &#8211; undermeny&#8221; _builder_version=&#8221;4.10.5&#8243; _module_preset=&#8221;default&#8221; header_2_text_color=&#8221;#FFFFFF&#8221; hover_enabled=&#8221;0&#8243; global_colors_info=&#8221;{}&#8221; sticky_enabled=&#8221;0&#8243;]<\/p>\n<h2>V\u00e5ra Tj\u00e4nster<\/h2>\n<p>[\/et_pb_text][et_pb_menu menu_id=&#8221;9&#8243; admin_label=&#8221;Meny &#8211; v\u00e5ra tj\u00e4nster&#8221; _builder_version=&#8221;4.10.5&#8243; _module_preset=&#8221;default&#8221; saved_tabs=&#8221;all&#8221; global_colors_info=&#8221;{}&#8221; global_module=&#8221;581&#8243;][\/et_pb_menu][\/et_pb_column][et_pb_column type=&#8221;3_4&#8243; specialty_columns=&#8221;3&#8243; _builder_version=&#8221;3.25&#8243; custom_padding=&#8221;|||&#8221; global_colors_info=&#8221;{}&#8221; custom_padding__hover=&#8221;|||&#8221;][et_pb_row_inner _builder_version=&#8221;4.10.4&#8243; _module_preset=&#8221;default&#8221; global_colors_info=&#8221;{}&#8221;][et_pb_column_inner saved_specialty_column_type=&#8221;3_4&#8243; _builder_version=&#8221;4.10.4&#8243; _module_preset=&#8221;default&#8221; global_colors_info=&#8221;{}&#8221;][et_pb_text admin_label=&#8221;Text &#8211; Rubrik&#8221; _builder_version=&#8221;4.10.5&#8243; _module_preset=&#8221;default&#8221; text_text_color=&#8221;#FFFFFF&#8221; header_font=&#8221;|700|||||||&#8221; header_text_color=&#8221;#FFFFFF&#8221; header_2_text_color=&#8221;#FFFFFF&#8221; header_3_text_color=&#8221;#FFFFFF&#8221; custom_margin=&#8221;||||false|false&#8221; global_colors_info=&#8221;{}&#8221;]<\/p>\n<h1 class=\"article-title\">Besiktningsman p\u00e5 visning<\/h1>\n<p>[\/et_pb_text][\/et_pb_column_inner][\/et_pb_row_inner][et_pb_row_inner column_structure=&#8221;1_2,1_2&#8243; _builder_version=&#8221;4.10.4&#8243; _module_preset=&#8221;default&#8221; global_colors_info=&#8221;{}&#8221;][et_pb_column_inner type=&#8221;1_2&#8243; saved_specialty_column_type=&#8221;3_4&#8243; _builder_version=&#8221;4.10.4&#8243; _module_preset=&#8221;default&#8221; global_colors_info=&#8221;{}&#8221;][et_pb_text admin_label=&#8221;Text&#8221; _builder_version=&#8221;4.10.5&#8243; _module_preset=&#8221;default&#8221; text_text_color=&#8221;#FFFFFF&#8221; header_font=&#8221;|700|||||||&#8221; header_text_color=&#8221;#FFFFFF&#8221; header_2_font=&#8221;|700|||||||&#8221; header_2_text_color=&#8221;#FFFFFF&#8221; header_3_text_color=&#8221;#FFFFFF&#8221; custom_margin=&#8221;|-32px|||false|false&#8221; global_colors_info=&#8221;{}&#8221;]<\/p>\n<p>Boka en av v\u00e5ra popul\u00e4ra tj\u00e4nster. Besiktningsman direkt p\u00e5 visningen.<br \/>M\u00f6tet med besiktningsmannen skapar f\u00f6rtroende och ger presumtiva k\u00f6pare svar direkt p\u00e5 plats.<\/p>\n<p>Tj\u00e4nsten m\u00e5ste f\u00f6reg\u00e5s av att huset har besiktigats inf\u00f6r f\u00f6rs\u00e4ljningen en sk F\u00f6rhandsbesiktning, \u00d6verl\u00e5telsebesiktning.<\/p>\n<p>Str\u00e5lande! Vilken<br \/>kanonid\u00e9 Win-win. Skapar<br \/>f\u00f6rtroende och trygghet<br \/>hos spekulanterna genom<br \/>tydlighet och \u201dkorten p\u00e5 bordet\u201d<br \/>i ett tidigt stadium av k\u00f6pprocessen.<br \/>Inte bara ett besiktningsprotokoll<br \/>i handen. Trygghet och f\u00f6rtroende<br \/>f\u00f6r k\u00f6pare leder ju, som vi alla vet<br \/>till h\u00f6gsta m\u00f6jliga slutpris och<br \/>d\u00e4rmed en n\u00f6jd s\u00e4ljare.<br \/>Superbra jobbat!<\/p>\n<p>Nina Lindroos Hedlund<br \/>H\u00e5llbara m\u00e4klare<\/p>\n<p>[\/et_pb_text][\/et_pb_column_inner][et_pb_column_inner type=&#8221;1_2&#8243; saved_specialty_column_type=&#8221;3_4&#8243; _builder_version=&#8221;4.10.4&#8243; _module_preset=&#8221;default&#8221; global_colors_info=&#8221;{}&#8221;][et_pb_image src=&#8221;https:\/\/exempelwebb.se\/besiktningshuset\/wp-content\/uploads\/2021\/08\/Besiktningsman_pa_visning.png&#8221; title_text=&#8221;Besiktningsman_pa_visning&#8221; _builder_version=&#8221;4.10.5&#8243; _module_preset=&#8221;default&#8221; custom_margin=&#8221;||||false|false&#8221; custom_padding=&#8221;||||false|false&#8221; global_colors_info=&#8221;{}&#8221;][\/et_pb_image][\/et_pb_column_inner][\/et_pb_row_inner][\/et_pb_column][\/et_pb_section][et_pb_section fb_built=&#8221;1&#8243; admin_label=&#8221;Sektion &#8211; kontakt formul\u00e4r&#8221; _builder_version=&#8221;4.10.4&#8243; _module_preset=&#8221;default&#8221; background_enable_image=&#8221;off&#8221; custom_margin=&#8221;||||false|false&#8221; custom_padding=&#8221;0px||0px||false|false&#8221; global_module=&#8221;158&#8243; saved_tabs=&#8221;all&#8221; global_colors_info=&#8221;{}&#8221;][et_pb_row column_structure=&#8221;1_2,1_2&#8243; _builder_version=&#8221;4.10.4&#8243; _module_preset=&#8221;default&#8221; use_background_color_gradient=&#8221;on&#8221; background_color_gradient_start=&#8221;rgba(0,0,0,0.5)&#8221; background_color_gradient_end=&#8221;rgba(0,0,0,0.95)&#8221; background_color_gradient_overlays_image=&#8221;on&#8221; background_image=&#8221;https:\/\/exempelwebb.se\/besiktningshuset\/wp-content\/uploads\/2021\/08\/slide_nordic.jpg&#8221; width=&#8221;100%&#8221; max_width=&#8221;2560px&#8221; custom_margin=&#8221;||||false|false&#8221; custom_padding=&#8221;0px||0px||false|false&#8221; global_colors_info=&#8221;{}&#8221;][et_pb_column type=&#8221;1_2&#8243; _builder_version=&#8221;4.10.4&#8243; _module_preset=&#8221;default&#8221; background_enable_image=&#8221;off&#8221; custom_css_main_element=&#8221;z-index:9999999!important&#8221; global_colors_info=&#8221;{}&#8221;][et_pb_image src=&#8221;https:\/\/exempelwebb.se\/besiktningshuset\/wp-content\/uploads\/2021\/08\/slide_nordic.jpg&#8221; title_text=&#8221;slide_nordic&#8221; align=&#8221;center&#8221; force_fullwidth=&#8221;on&#8221; align_tablet=&#8221;&#8221; align_phone=&#8221;&#8221; align_last_edited=&#8221;on|phone&#8221; _builder_version=&#8221;4.10.5&#8243; _module_preset=&#8221;default&#8221; custom_margin=&#8221;150px|||130px|false|false&#8221; custom_margin_tablet=&#8221;&#8221; custom_margin_phone=&#8221;0px|||0px|false|false&#8221; custom_margin_last_edited=&#8221;on|desktop&#8221; global_colors_info=&#8221;{}&#8221;][\/et_pb_image][\/et_pb_column][et_pb_column type=&#8221;1_2&#8243; _builder_version=&#8221;4.10.4&#8243; _module_preset=&#8221;default&#8221; background_color=&#8221;#FFFFFF&#8221; custom_padding=&#8221;|100px||100px|true|true&#8221; global_colors_info=&#8221;{}&#8221;][et_pb_text _builder_version=&#8221;4.10.4&#8243; _module_preset=&#8221;default&#8221; header_font=&#8221;|700|||||||&#8221; header_2_font=&#8221;|700|||||||&#8221; global_colors_info=&#8221;{}&#8221;]<\/p>\n<h2>\u00a0<\/h2>\n<h2 style=\"text-align: left;\">Kontakta oss<\/h2>\n<p>[\/et_pb_text][et_pb_text _builder_version=&#8221;4.10.4&#8243; _module_preset=&#8221;default&#8221; global_colors_info=&#8221;{}&#8221;]<\/p>\n<script type=\"text\/javascript\">var gform;gform||(document.addEventListener(\"gform_main_scripts_loaded\",function(){gform.scriptsLoaded=!0}),window.addEventListener(\"DOMContentLoaded\",function(){gform.domLoaded=!0}),gform={domLoaded:!1,scriptsLoaded:!1,initializeOnLoaded:function(o){gform.domLoaded&&gform.scriptsLoaded?o():!gform.domLoaded&&gform.scriptsLoaded?window.addEventListener(\"DOMContentLoaded\",o):document.addEventListener(\"gform_main_scripts_loaded\",o)},hooks:{action:{},filter:{}},addAction:function(o,n,r,t){gform.addHook(\"action\",o,n,r,t)},addFilter:function(o,n,r,t){gform.addHook(\"filter\",o,n,r,t)},doAction:function(o){gform.doHook(\"action\",o,arguments)},applyFilters:function(o){return gform.doHook(\"filter\",o,arguments)},removeAction:function(o,n){gform.removeHook(\"action\",o,n)},removeFilter:function(o,n,r){gform.removeHook(\"filter\",o,n,r)},addHook:function(o,n,r,t,i){null==gform.hooks[o][n]&&(gform.hooks[o][n]=[]);var e=gform.hooks[o][n];null==i&&(i=n+\"_\"+e.length),gform.hooks[o][n].push({tag:i,callable:r,priority:t=null==t?10:t})},doHook:function(n,o,r){var t;if(r=Array.prototype.slice.call(r,1),null!=gform.hooks[n][o]&&((o=gform.hooks[n][o]).sort(function(o,n){return o.priority-n.priority}),o.forEach(function(o){\"function\"!=typeof(t=o.callable)&&(t=window[t]),\"action\"==n?t.apply(null,r):r[0]=t.apply(null,r)})),\"filter\"==n)return r[0]},removeHook:function(o,n,t,i){var r;null!=gform.hooks[o][n]&&(r=(r=gform.hooks[o][n]).filter(function(o,n,r){return!!(null!=i&&i!=o.tag||null!=t&&t!=o.priority)}),gform.hooks[o][n]=r)}});<\/script>\n                <div class='gf_browser_gecko gform_wrapper gravity-theme' id='gform_wrapper_1' >\n                        <div class='gform_heading'>\n                            <span class='gform_description'><\/span>\n                        <\/div><form method='post' enctype='multipart\/form-data'  id='gform_1'  action='\/besiktningshuset\/wp-json\/wp\/v2\/pages\/523' novalidate>\n                        <div class='gform_body gform-body'><div id='gform_fields_1' class='gform_fields top_label form_sublabel_below description_below'><div id=\"field_1_1\" class=\"gfield gfield--width-two-thirds field_sublabel_below field_description_below hidden_label gfield_visibility_visible\" ><label class='gfield_label' for='input_1_1' >Namnl\u00f6s<\/label><div class='ginput_container ginput_container_text'><input name='input_1' id='input_1_1' type='text' value='' class='large'    placeholder='NAMN'  aria-invalid=\"false\"   \/> <\/div><\/div><div class=\"spacer gfield\" style=\"grid-column: span 4;\"><\/div><div id=\"field_1_2\" class=\"gfield gfield--width-two-thirds field_sublabel_below field_description_below hidden_label gfield_visibility_visible\" ><label class='gfield_label' for='input_1_2' >E-post<\/label><div class='ginput_container ginput_container_email'>\n                            <input name='input_2' id='input_1_2' type='email' value='' class='large'   placeholder='E-MAIL'  aria-invalid=\"false\"  \/>\n                        <\/div><\/div><div class=\"spacer gfield\" style=\"grid-column: span 4;\"><\/div><div id=\"field_1_3\" class=\"gfield gfield--width-two-thirds field_sublabel_below field_description_below hidden_label gfield_visibility_visible\" ><label class='gfield_label' for='input_1_3' >Telefon<\/label><div class='ginput_container ginput_container_phone'><input name='input_3' id='input_1_3' type='tel' value='' class='large'  placeholder='TELEFON'  aria-invalid=\"false\"   \/><\/div><\/div><div class=\"spacer gfield\" style=\"grid-column: span 4;\"><\/div><div id=\"field_1_5\" class=\"gfield gfield--width-two-thirds field_sublabel_below field_description_below hidden_label gfield_visibility_visible\" ><label class='gfield_label' for='input_1_5' >Namnl\u00f6s<\/label><div class='ginput_container ginput_container_textarea'><textarea name='input_5' id='input_1_5' class='textarea medium'    placeholder='MEDDELANDE'  aria-invalid=\"false\"   rows='10' cols='50'><\/textarea><\/div><\/div><div class=\"spacer gfield\" style=\"grid-column: span 4;\"><\/div><\/div><\/div>\n        <div class='gform_footer top_label'> <input type='submit' id='gform_submit_button_1' class='gform_button button' value='Skicka'  onclick='if(window[\"gf_submitting_1\"]){return false;}  if( !jQuery(\"#gform_1\")[0].checkValidity || jQuery(\"#gform_1\")[0].checkValidity()){window[\"gf_submitting_1\"]=true;}  ' onkeypress='if( event.keyCode == 13 ){ if(window[\"gf_submitting_1\"]){return false;} if( !jQuery(\"#gform_1\")[0].checkValidity || jQuery(\"#gform_1\")[0].checkValidity()){window[\"gf_submitting_1\"]=true;}  jQuery(\"#gform_1\").trigger(\"submit\",[true]); }' \/> \n            <input type='hidden' class='gform_hidden' name='is_submit_1' value='1' \/>\n            <input type='hidden' class='gform_hidden' name='gform_submit' value='1' \/>\n            \n            <input type='hidden' class='gform_hidden' name='gform_unique_id' value='' \/>\n            <input type='hidden' class='gform_hidden' name='state_1' value='WyJbXSIsIjc4MGQ2MjRjNzBjZjQ2NzBlNTBmYmU0MThhYTI0MTNmIl0=' \/>\n            <input type='hidden' class='gform_hidden' name='gform_target_page_number_1' id='gform_target_page_number_1' value='0' \/>\n            <input type='hidden' class='gform_hidden' name='gform_source_page_number_1' id='gform_source_page_number_1' value='1' \/>\n            <input type='hidden' name='gform_field_values' value='' \/>\n            \n        <\/div>\n                        <\/form>\n                        <\/div>\n<p>[\/et_pb_text][\/et_pb_column][\/et_pb_row][\/et_pb_section]<\/p>\n","protected":false},"excerpt":{"rendered":"<p>V\u00e5ra Tj\u00e4nsterBesiktningsman p\u00e5 visningBoka en av v\u00e5ra popul\u00e4ra tj\u00e4nster. Besiktningsman direkt p\u00e5 visningen.M\u00f6tet med besiktningsmannen skapar f\u00f6rtroende och ger presumtiva k\u00f6pare svar direkt p\u00e5 plats. Tj\u00e4nsten m\u00e5ste f\u00f6reg\u00e5s av att huset har besiktigats inf\u00f6r f\u00f6rs\u00e4ljningen en sk F\u00f6rhandsbesiktning, \u00d6verl\u00e5telsebesiktning. Str\u00e5lande! Vilkenkanonid\u00e9 Win-win. Skaparf\u00f6rtroende och trygghethos spekulanterna genomtydlighet och \u201dkorten p\u00e5 bordet\u201di ett tidigt stadium av [&hellip;]<\/p>\n","protected":false},"author":1,"featured_media":0,"parent":164,"menu_order":0,"comment_status":"closed","ping_status":"closed","template":"","meta":{"_et_pb_use_builder":"on","_et_pb_old_content":"","_et_gb_content_width":"","footnotes":""},"class_list":["post-523","page","type-page","status-publish","hentry"],"_links":{"self":[{"href":"https:\/\/exempelwebb.se\/besiktningshuset\/wp-json\/wp\/v2\/pages\/523","targetHints":{"allow":["GET"]}}],"collection":[{"href":"https:\/\/exempelwebb.se\/besiktningshuset\/wp-json\/wp\/v2\/pages"}],"about":[{"href":"https:\/\/exempelwebb.se\/besiktningshuset\/wp-json\/wp\/v2\/types\/page"}],"author":[{"embeddable":true,"href":"https:\/\/exempelwebb.se\/besiktningshuset\/wp-json\/wp\/v2\/users\/1"}],"replies":[{"embeddable":true,"href":"https:\/\/exempelwebb.se\/besiktningshuset\/wp-json\/wp\/v2\/comments?post=523"}],"version-history":[{"count":5,"href":"https:\/\/exempelwebb.se\/besiktningshuset\/wp-json\/wp\/v2\/pages\/523\/revisions"}],"predecessor-version":[{"id":586,"href":"https:\/\/exempelwebb.se\/besiktningshuset\/wp-json\/wp\/v2\/pages\/523\/revisions\/586"}],"up":[{"embeddable":true,"href":"https:\/\/exempelwebb.se\/besiktningshuset\/wp-json\/wp\/v2\/pages\/164"}],"wp:attachment":[{"href":"https:\/\/exempelwebb.se\/besiktningshuset\/wp-json\/wp\/v2\/media?parent=523"}],"curies":[{"name":"wp","href":"https:\/\/api.w.org\/{rel}","templated":true}]}}