{"id":225,"date":"2021-08-30T16:24:20","date_gmt":"2021-08-30T14:24:20","guid":{"rendered":"https:\/\/exempelwebb.se\/besiktningshuset\/?page_id=225"},"modified":"2022-04-03T19:26:25","modified_gmt":"2022-04-03T17:26:25","slug":"energideklaration","status":"publish","type":"page","link":"https:\/\/exempelwebb.se\/besiktningshuset\/vara-tjanster\/energideklaration\/","title":{"rendered":"Energideklaration"},"content":{"rendered":"<p>[et_pb_section fb_built=&#8221;1&#8243; _builder_version=&#8221;4.10.4&#8243; _module_preset=&#8221;default&#8221; custom_margin=&#8221;-85px||||false|false&#8221; custom_margin_tablet=&#8221;-151px||||false|false&#8221; custom_margin_phone=&#8221;-134px||||false|false&#8221; custom_margin_last_edited=&#8221;on|desktop&#8221; custom_padding=&#8221;0px||0px||false|false&#8221; global_colors_info=&#8221;{}&#8221;][et_pb_row _builder_version=&#8221;4.10.4&#8243; _module_preset=&#8221;default&#8221; width=&#8221;100%&#8221; max_width=&#8221;2560px&#8221; custom_margin=&#8221;||||false|false&#8221; custom_padding=&#8221;0px||0px||false|false&#8221; global_colors_info=&#8221;{}&#8221;][et_pb_column type=&#8221;4_4&#8243; _builder_version=&#8221;4.10.4&#8243; _module_preset=&#8221;default&#8221; global_colors_info=&#8221;{}&#8221;][et_pb_slider _builder_version=&#8221;4.10.4&#8243; _module_preset=&#8221;default&#8221; body_font=&#8221;|700|||||||&#8221; body_font_size=&#8221;36px&#8221; body_line_height=&#8221;1.8em&#8221; height=&#8221;600px&#8221; global_colors_info=&#8221;{}&#8221;][et_pb_slide heading=&#8221;Energideklaration&#8221; _builder_version=&#8221;4.10.4&#8243; _module_preset=&#8221;default&#8221; header_font=&#8221;|700|||||||&#8221; header_font_size=&#8221;50px&#8221; background_image=&#8221;https:\/\/exempelwebb.se\/besiktningshuset\/wp-content\/uploads\/2021\/08\/silde_stockholm.jpg&#8221; background_enable_image=&#8221;on&#8221; global_colors_info=&#8221;{}&#8221; sticky_transition=&#8221;on&#8221;][\/et_pb_slide][\/et_pb_slider][\/et_pb_column][\/et_pb_row][\/et_pb_section][et_pb_section fb_built=&#8221;1&#8243; specialty=&#8221;on&#8221; _builder_version=&#8221;4.10.4&#8243; _module_preset=&#8221;default&#8221; background_color=&#8221;#444444&#8243; global_colors_info=&#8221;{}&#8221;][et_pb_column type=&#8221;1_4&#8243; _builder_version=&#8221;3.25&#8243; custom_padding=&#8221;|||&#8221; global_colors_info=&#8221;{}&#8221; custom_padding__hover=&#8221;|||&#8221;][et_pb_text admin_label=&#8221;text &#8211; undermeny&#8221; _builder_version=&#8221;4.10.4&#8243; _module_preset=&#8221;default&#8221; header_2_text_color=&#8221;#FFFFFF&#8221; global_colors_info=&#8221;{}&#8221;]<\/p>\n<h2>V\u00e5ra Tj\u00e4nster<\/h2>\n<p>[\/et_pb_text][et_pb_menu menu_id=&#8221;9&#8243; active_link_color=&#8221;#FFFFFF&#8221; admin_label=&#8221;Meny &#8211; v\u00e5ra tj\u00e4nster&#8221; _builder_version=&#8221;4.10.5&#8243; _module_preset=&#8221;default&#8221; menu_text_color=&#8221;#FFFFFF&#8221; menu_line_height=&#8221;1.2em&#8221; background_color=&#8221;gcid-f677d2fb-7157-4a5c-ab9b-b2ceab9a638a&#8221; custom_margin=&#8221;||||false|false&#8221; custom_padding=&#8221;||||false|false&#8221; global_module=&#8221;581&#8243; saved_tabs=&#8221;all&#8221; global_colors_info=&#8221;{%22gcid-f677d2fb-7157-4a5c-ab9b-b2ceab9a638a%22:%91%22background_color%22%93}&#8221;][\/et_pb_menu][\/et_pb_column][et_pb_column type=&#8221;3_4&#8243; specialty_columns=&#8221;3&#8243; _builder_version=&#8221;3.25&#8243; custom_padding=&#8221;|||&#8221; global_colors_info=&#8221;{}&#8221; custom_padding__hover=&#8221;|||&#8221;][et_pb_row_inner _builder_version=&#8221;4.10.4&#8243; _module_preset=&#8221;default&#8221; global_colors_info=&#8221;{}&#8221;][et_pb_column_inner saved_specialty_column_type=&#8221;3_4&#8243; _builder_version=&#8221;4.10.4&#8243; _module_preset=&#8221;default&#8221; global_colors_info=&#8221;{}&#8221;][et_pb_text admin_label=&#8221;Text &#8211; Rubrik&#8221; _builder_version=&#8221;4.10.5&#8243; _module_preset=&#8221;default&#8221; text_text_color=&#8221;#FFFFFF&#8221; header_font=&#8221;|700|||||||&#8221; header_text_color=&#8221;#FFFFFF&#8221; header_2_text_color=&#8221;#FFFFFF&#8221; header_3_text_color=&#8221;#FFFFFF&#8221; custom_margin=&#8221;||||false|false&#8221; hover_enabled=&#8221;0&#8243; global_colors_info=&#8221;{}&#8221; sticky_enabled=&#8221;0&#8243;]<\/p>\n<h1 class=\"article-title\">Energideklaration<\/h1>\n<p><style>\r\nh3.demoClass {\r\ncolor: #26b158;\r\n}\r\n<\/style>\r\n<h3 class=\"demoClass\">Hejsan!!!<\/h3>2026-04-03[\/et_pb_text][\/et_pb_column_inner][\/et_pb_row_inner][et_pb_row_inner column_structure=&#8221;1_2,1_2&#8243; _builder_version=&#8221;4.10.4&#8243; _module_preset=&#8221;default&#8221; global_colors_info=&#8221;{}&#8221;][et_pb_column_inner type=&#8221;1_2&#8243; saved_specialty_column_type=&#8221;3_4&#8243; _builder_version=&#8221;4.10.4&#8243; _module_preset=&#8221;default&#8221; global_colors_info=&#8221;{}&#8221;][et_pb_text admin_label=&#8221;Text&#8221; _builder_version=&#8221;4.10.4&#8243; _module_preset=&#8221;default&#8221; text_text_color=&#8221;#FFFFFF&#8221; header_2_text_color=&#8221;#FFFFFF&#8221; header_3_text_color=&#8221;#FFFFFF&#8221; custom_margin=&#8221;||||false|false&#8221; global_colors_info=&#8221;{}&#8221;]<\/p>\n<p><strong>Vi utf\u00f6r energideklaration.\u00a0<\/strong><\/p>\n<p><strong>Energiklasser<br \/><\/strong><\/p>\n<p>Energiklassning finns i deklarationerna f\u00f6r att g\u00f6ra det enklare f\u00f6r dig att j\u00e4mf\u00f6ra byggnader med varandra och f\u00e5 en uppfattning om deras energianv\u00e4ndning.<\/p>\n<p><strong>S\u00e5 h\u00e4r fungerar energiklassningen av byggnader<\/strong><\/p>\n<p>Energiklass A st\u00e5r f\u00f6r en l\u00e5g energianv\u00e4ndning och G f\u00f6r en h\u00f6g. En byggnad som har en energianv\u00e4ndning som motsvarar det krav som st\u00e4lls p\u00e5 ett nybyggt hus idag f\u00e5r klass C.<\/p>\n<p>[\/et_pb_text][\/et_pb_column_inner][et_pb_column_inner type=&#8221;1_2&#8243; saved_specialty_column_type=&#8221;3_4&#8243; _builder_version=&#8221;4.10.4&#8243; _module_preset=&#8221;default&#8221; global_colors_info=&#8221;{}&#8221;][et_pb_image src=&#8221;https:\/\/exempelwebb.se\/besiktningshuset\/wp-content\/uploads\/2021\/08\/flyg2.png&#8221; title_text=&#8221;flyg2&#8243; _builder_version=&#8221;4.10.4&#8243; _module_preset=&#8221;default&#8221; custom_margin=&#8221;||||false|false&#8221; custom_padding=&#8221;||||false|false&#8221; global_colors_info=&#8221;{}&#8221;][\/et_pb_image][\/et_pb_column_inner][\/et_pb_row_inner][et_pb_row_inner _builder_version=&#8221;4.10.4&#8243; _module_preset=&#8221;default&#8221; global_colors_info=&#8221;{}&#8221;][et_pb_column_inner saved_specialty_column_type=&#8221;3_4&#8243; _builder_version=&#8221;4.10.4&#8243; _module_preset=&#8221;default&#8221; global_colors_info=&#8221;{}&#8221;][et_pb_text admin_label=&#8221;Text&#8221; _builder_version=&#8221;4.10.4&#8243; _module_preset=&#8221;default&#8221; text_text_color=&#8221;#FFFFFF&#8221; header_2_font=&#8221;|700|||||||&#8221; header_2_text_color=&#8221;#FFFFFF&#8221; header_3_font=&#8221;|700|||||||&#8221; header_3_text_color=&#8221;#FFFFFF&#8221; custom_margin=&#8221;||||false|false&#8221; global_colors_info=&#8221;{}&#8221;]<\/p>\n<p><strong>Alla deklarationer har inte energiklass i dag<br \/><\/strong>Energiklassning inf\u00f6rdes i deklarationerna 1 januari 2014. Deklarationer gjorda f\u00f6re detta datum blir inte automatiskt energiklassade. Du kan allts\u00e5 f\u00e5 se energideklarationer som saknar energiklass. Men \u00e4garen kan f\u00e5 sin byggnad klassad i efterhand om denne vill. Boverket har en enkel funktion f\u00f6r det h\u00e4r p\u00e5 www.boverket.se.<\/p>\n<p><strong>Likt men \u00e4nd\u00e5 olikt fr\u00e5n vad vi \u00e4r vana vid<br \/><\/strong>Energiklassningen av byggnader har samma typ av utformning som du kan se p\u00e5 produkter som till exempel TV-apparater och kylsk\u00e5p. Men det finns en viktig skillnad. I en elektronikbutik finns n\u00e4stan bara nya moderna produkter och de flesta apparater man tittar p\u00e5 har energiklass A till C. Vi har f\u00f6rst\u00e5s \u00e4ven n\u00e4r det g\u00e4ller byggnader en hel del som \u00e4r nya och som har uppf\u00f6rts under de senaste \u00e5ren. Dessa hamnar ocks\u00e5 likt andra produkter i energiklass A till C. Men, de flesta byggnader \u00e4r f\u00f6rst\u00e5s \u00e4ldre \u00e4n s\u00e5.<\/p>\n<p><strong>D\u00e4rf\u00f6r kommer m\u00e5nga byggnader att hamna i klasserna: D, E, F eller G.<br \/>E \u00e4r en vanlig energiklass f\u00f6r \u00e4ldre byggnader.<\/strong><\/p>\n<p><strong>Vad varje energiklass st\u00e5r f\u00f6r<\/strong><\/p>\n<p>Skalans sju energiklasser utg\u00e5r fr\u00e5n det krav p\u00e5 energianv\u00e4ndning som st\u00e4lls p\u00e5 nya byggnader som uppf\u00f6rs idag. Dessa krav finns i Boverkets byggregler (BFS 2011:6) och \u00e4r beroende av typ av byggnad, om den \u00e4r elv\u00e4rmd eller inte, och var i Sverige den \u00e4r bel\u00e4gen. Energiklass C motsvarar just det krav som skulle g\u00e4lla f\u00f6r byggnaden om den skulle uppf\u00f6ras i dag. Nedan beskriver vi vad varje energiklass st\u00e5r f\u00f6r.<\/p>\n<p>[\/et_pb_text][\/et_pb_column_inner][\/et_pb_row_inner][et_pb_row_inner column_structure=&#8221;1_2,1_2&#8243; _builder_version=&#8221;4.10.4&#8243; _module_preset=&#8221;default&#8221; global_colors_info=&#8221;{}&#8221;][et_pb_column_inner type=&#8221;1_2&#8243; saved_specialty_column_type=&#8221;3_4&#8243; _builder_version=&#8221;4.10.4&#8243; _module_preset=&#8221;default&#8221; global_colors_info=&#8221;{}&#8221;][et_pb_text admin_label=&#8221;Text&#8221; _builder_version=&#8221;4.10.4&#8243; _module_preset=&#8221;default&#8221; text_text_color=&#8221;#FFFFFF&#8221; header_2_font=&#8221;|700|||||||&#8221; header_2_text_color=&#8221;#FFFFFF&#8221; header_3_font=&#8221;|700|||||||&#8221; header_3_text_color=&#8221;#FFFFFF&#8221; custom_margin=&#8221;||||false|false&#8221; global_colors_info=&#8221;{}&#8221;]<\/p>\n<p>EP = Energiprestanda f\u00f6r den aktuella byggnaden<br \/>\u2264 = mindre \u00e4n eller lika med<br \/>&gt; = mer \u00e4n<\/p>\n<p>A = EP \u00e4r \u2264 50 procent av kravet f\u00f6r en ny byggnad.<br \/>B = EP \u00e4r &gt; 50 &#8211; \u2264 75 procent av kravet f\u00f6r en ny byggnad.<br \/>C = EP \u00e4r &gt; 75 &#8211; \u2264 100 procent kravet f\u00f6r en ny byggnad.<br \/>D = EP \u00e4r &gt; 100 &#8211; \u2264 135 procent av kravet f\u00f6r en ny byggnad.<br \/>E = EP \u00e4r &gt; 135 &#8211; \u2264 180 procent av kravet f\u00f6r en ny byggnad.<br \/>F = EP \u00e4r &gt; 180 &#8211; \u2264 235 procent av kravet f\u00f6r en ny byggnad.<br \/>G = EP \u00e4r &gt; 235 procent av kravet f\u00f6r en ny byggnad.<\/p>\n<p>[\/et_pb_text][\/et_pb_column_inner][et_pb_column_inner type=&#8221;1_2&#8243; saved_specialty_column_type=&#8221;3_4&#8243; _builder_version=&#8221;4.10.4&#8243; _module_preset=&#8221;default&#8221; global_colors_info=&#8221;{}&#8221;][et_pb_image src=&#8221;https:\/\/exempelwebb.se\/besiktningshuset\/wp-content\/uploads\/2021\/08\/energibesiktning.jpg&#8221; title_text=&#8221;energibesiktning&#8221; _builder_version=&#8221;4.10.4&#8243; _module_preset=&#8221;default&#8221; custom_margin=&#8221;||||false|false&#8221; custom_padding=&#8221;||||false|false&#8221; global_colors_info=&#8221;{}&#8221;][\/et_pb_image][\/et_pb_column_inner][\/et_pb_row_inner][et_pb_row_inner _builder_version=&#8221;4.10.4&#8243; _module_preset=&#8221;default&#8221; global_colors_info=&#8221;{}&#8221;][et_pb_column_inner saved_specialty_column_type=&#8221;3_4&#8243; _builder_version=&#8221;4.10.4&#8243; _module_preset=&#8221;default&#8221; global_colors_info=&#8221;{}&#8221;][et_pb_text admin_label=&#8221;Text&#8221; _builder_version=&#8221;4.10.4&#8243; _module_preset=&#8221;default&#8221; text_text_color=&#8221;#FFFFFF&#8221; header_2_font=&#8221;|700|||||||&#8221; header_2_text_color=&#8221;#FFFFFF&#8221; header_3_font=&#8221;|700|||||||&#8221; header_3_text_color=&#8221;#FFFFFF&#8221; custom_margin=&#8221;||||false|false&#8221; global_colors_info=&#8221;{}&#8221;]<\/p>\n<h2 class=\"article-title\">\u00a0<\/h2>\n<p><strong>Vad \u00e4r en energideklaration?<\/strong><\/p>\n<p class=\"ingress\">Energideklarationen ger dig information om byggnadens energianv\u00e4ndning. Den \u00e4r bland annat till f\u00f6r dig som ska k\u00f6pa eller hyra en bostad. Du kan anv\u00e4nda deklarationen f\u00f6r att j\u00e4mf\u00f6ra olika hus med varandra.<\/p>\n<p>Energideklarationen g\u00f6rs av en oberoende expert p\u00e5 uppdrag av \u00e4garen och \u00e4r giltig i tio \u00e5r.<\/p>\n<p>De inf\u00f6rdes i Sverige 2006 genom lagen om energideklaration. Syftet \u00e4r att fr\u00e4mja en effektiv energianv\u00e4ndning och en god inomhusmilj\u00f6 i byggnader. Boverket tar fram regler om energideklarationerna och \u00e4r ocks\u00e5 tillsynsmyndighet. Vi h\u00e5ller \u00e4ven i det register d\u00e4r alla energideklarationer finns.<\/p>\n<p><strong>Vad inneh\u00e5ller en energideklaration?<\/strong><\/p>\n<p>Energideklarationen inneh\u00e5ller bland annat uppgifter om:<\/p>\n<ul>\n<li>den uppv\u00e4rmda arean i huset, kallad Atemp<\/li>\n<li>energianv\u00e4ndning f\u00f6r uppv\u00e4rmning, komfortkyla, tappvarmvatten och byggnadens fastighetsel<\/li>\n<li>\u00e5tg\u00e4rdsf\u00f6rslag, om energiexperten har f\u00f6reslagit s\u00e5dana f\u00f6r att minska energianv\u00e4ndningen<\/li>\n<li>om radonm\u00e4tning \u00e4r utf\u00f6rd eller inte, och i s\u00e5 fall uppm\u00e4tt v\u00e4rde<\/li>\n<\/ul>\n<p>Deklarationen inneh\u00e5ller \u00e4ven andra uppgifter till exempel om v\u00e4rmesystemet och ventilationssystemet i byggnaden.<\/p>\n<p><strong>Vem g\u00f6r en energideklaration, och n\u00e4r?<\/strong><\/p>\n<p>Det \u00e4r \u00e4garen som ska anlita en energiexpert f\u00f6r att g\u00f6ra en energideklaration. Deklarationen ska g\u00f6ras:<\/p>\n<ul>\n<li>innan f\u00f6rs\u00e4ljning<\/li>\n<li>vid uthyrning<\/li>\n<li>f\u00f6r st\u00f6rre byggnader som ofta bes\u00f6ks av allm\u00e4nheten<\/li>\n<\/ul>\n<p>Nya byggnader ska ocks\u00e5 energideklareras senast tv\u00e5 fr\u00e5n det att de har tagits i bruk.<\/p>\n<p><strong>Energiprestanda<\/strong><br \/>Energianv\u00e4ndningen beskrivs i deklarationen som energiprestanda. Energiprestanda \u00e4r ett m\u00e5tt p\u00e5 hur mycket energi som g\u00e5r \u00e5t till uppv\u00e4rmning, komfortkyla, tappvarmvatten och f\u00f6r byggnadens fastighetsel. All energi som anv\u00e4nds f\u00f6r detta under ett helt \u00e5r l\u00e4ggs ihop och divideras sedan med husets uppv\u00e4rmda yta. Man f\u00e5r d\u00e5 antalet kilowattimmar (kWh) som f\u00f6rbrukas per kvadratmeter. Energiprestandan uttrycks i enheten kWh\/m2 och \u00e5r. Du kommer att se denna uppgift n\u00e4r du s\u00f6ker efter energideklarationer h\u00e4r p\u00e5 Boverkets webbplats.<br \/>F\u00f6r att underl\u00e4tta j\u00e4mf\u00f6relser mellan olika byggnader finns sedan den 1 januari 2014 ett system med klassning av energiprestandan. Klassningen \u00e4r utformad som en skala fr\u00e5n A till G d\u00e4r A \u00e4r den b\u00e4sta klassen.<\/p>\n<p>&nbsp;<\/p>\n<section class=\"article-intro clearfix\">\n<section class=\"article-intro clearfix\">\n<p>&nbsp;<\/p>\n<\/section>\n<\/section>\n<section class=\"article-intro clearfix\"><\/section>\n<p>[\/et_pb_text][\/et_pb_column_inner][\/et_pb_row_inner][\/et_pb_column][\/et_pb_section][et_pb_section fb_built=&#8221;1&#8243; admin_label=&#8221;Sektion &#8211; kontakt formul\u00e4r&#8221; _builder_version=&#8221;4.10.4&#8243; _module_preset=&#8221;default&#8221; background_enable_image=&#8221;off&#8221; custom_margin=&#8221;||||false|false&#8221; custom_padding=&#8221;0px||0px||false|false&#8221; global_module=&#8221;158&#8243; saved_tabs=&#8221;all&#8221; global_colors_info=&#8221;{}&#8221;][et_pb_row column_structure=&#8221;1_2,1_2&#8243; _builder_version=&#8221;4.10.5&#8243; _module_preset=&#8221;default&#8221; use_background_color_gradient=&#8221;on&#8221; background_color_gradient_start=&#8221;rgba(0,0,0,0.5)&#8221; background_color_gradient_end=&#8221;rgba(0,0,0,0.95)&#8221; background_color_gradient_overlays_image=&#8221;on&#8221; background_image=&#8221;https:\/\/exempelwebb.se\/besiktningshuset\/wp-content\/uploads\/2021\/08\/slide_nordic.jpg&#8221; width=&#8221;100%&#8221; max_width=&#8221;2560px&#8221; custom_margin=&#8221;||||false|false&#8221; custom_padding=&#8221;0px||0px||false|false&#8221; global_colors_info=&#8221;{}&#8221;][et_pb_column type=&#8221;1_2&#8243; _builder_version=&#8221;4.10.4&#8243; _module_preset=&#8221;default&#8221; background_enable_image=&#8221;off&#8221; custom_css_main_element=&#8221;z-index:9999999!important&#8221; global_colors_info=&#8221;{}&#8221;][et_pb_image src=&#8221;https:\/\/exempelwebb.se\/besiktningshuset\/wp-content\/uploads\/2021\/08\/slide_nordic.jpg&#8221; title_text=&#8221;slide_nordic&#8221; align=&#8221;center&#8221; force_fullwidth=&#8221;on&#8221; align_tablet=&#8221;&#8221; align_phone=&#8221;&#8221; align_last_edited=&#8221;on|phone&#8221; _builder_version=&#8221;4.10.5&#8243; _module_preset=&#8221;default&#8221; custom_margin=&#8221;150px|||130px|false|false&#8221; custom_margin_tablet=&#8221;&#8221; custom_margin_phone=&#8221;0px|||0px|false|false&#8221; custom_margin_last_edited=&#8221;on|desktop&#8221; global_colors_info=&#8221;{}&#8221;][\/et_pb_image][\/et_pb_column][et_pb_column type=&#8221;1_2&#8243; _builder_version=&#8221;4.10.5&#8243; _module_preset=&#8221;default&#8221; background_color=&#8221;#FFFFFF&#8221; custom_padding=&#8221;|100px||100px|true|true&#8221; custom_padding_tablet=&#8221;|30px||30px|true|true&#8221; custom_padding_phone=&#8221;|30px||30px|true|true&#8221; custom_padding_last_edited=&#8221;on|tablet&#8221; global_colors_info=&#8221;{}&#8221;][et_pb_text _builder_version=&#8221;4.10.4&#8243; _module_preset=&#8221;default&#8221; header_font=&#8221;|700|||||||&#8221; header_2_font=&#8221;|700|||||||&#8221; global_colors_info=&#8221;{}&#8221;]<\/p>\n<h2>\u00a0<\/h2>\n<h2 style=\"text-align: left;\">Kontakta oss<\/h2>\n<p>[\/et_pb_text][et_pb_text _builder_version=&#8221;4.10.4&#8243; _module_preset=&#8221;default&#8221; global_colors_info=&#8221;{}&#8221;]<\/p>\n<script type=\"text\/javascript\">var gform;gform||(document.addEventListener(\"gform_main_scripts_loaded\",function(){gform.scriptsLoaded=!0}),window.addEventListener(\"DOMContentLoaded\",function(){gform.domLoaded=!0}),gform={domLoaded:!1,scriptsLoaded:!1,initializeOnLoaded:function(o){gform.domLoaded&&gform.scriptsLoaded?o():!gform.domLoaded&&gform.scriptsLoaded?window.addEventListener(\"DOMContentLoaded\",o):document.addEventListener(\"gform_main_scripts_loaded\",o)},hooks:{action:{},filter:{}},addAction:function(o,n,r,t){gform.addHook(\"action\",o,n,r,t)},addFilter:function(o,n,r,t){gform.addHook(\"filter\",o,n,r,t)},doAction:function(o){gform.doHook(\"action\",o,arguments)},applyFilters:function(o){return gform.doHook(\"filter\",o,arguments)},removeAction:function(o,n){gform.removeHook(\"action\",o,n)},removeFilter:function(o,n,r){gform.removeHook(\"filter\",o,n,r)},addHook:function(o,n,r,t,i){null==gform.hooks[o][n]&&(gform.hooks[o][n]=[]);var e=gform.hooks[o][n];null==i&&(i=n+\"_\"+e.length),gform.hooks[o][n].push({tag:i,callable:r,priority:t=null==t?10:t})},doHook:function(n,o,r){var t;if(r=Array.prototype.slice.call(r,1),null!=gform.hooks[n][o]&&((o=gform.hooks[n][o]).sort(function(o,n){return o.priority-n.priority}),o.forEach(function(o){\"function\"!=typeof(t=o.callable)&&(t=window[t]),\"action\"==n?t.apply(null,r):r[0]=t.apply(null,r)})),\"filter\"==n)return r[0]},removeHook:function(o,n,t,i){var r;null!=gform.hooks[o][n]&&(r=(r=gform.hooks[o][n]).filter(function(o,n,r){return!!(null!=i&&i!=o.tag||null!=t&&t!=o.priority)}),gform.hooks[o][n]=r)}});<\/script>\n                <div class='gf_browser_gecko gform_wrapper gravity-theme' id='gform_wrapper_1' >\n                        <div class='gform_heading'>\n                            <span class='gform_description'><\/span>\n                        <\/div><form method='post' enctype='multipart\/form-data'  id='gform_1'  action='\/besiktningshuset\/wp-json\/wp\/v2\/pages\/225' novalidate>\n                        <div class='gform_body gform-body'><div id='gform_fields_1' class='gform_fields top_label form_sublabel_below description_below'><div id=\"field_1_1\" class=\"gfield gfield--width-two-thirds field_sublabel_below field_description_below hidden_label gfield_visibility_visible\" ><label class='gfield_label' for='input_1_1' >Namnl\u00f6s<\/label><div class='ginput_container ginput_container_text'><input name='input_1' id='input_1_1' type='text' value='' class='large'    placeholder='NAMN'  aria-invalid=\"false\"   \/> <\/div><\/div><div class=\"spacer gfield\" style=\"grid-column: span 4;\"><\/div><div id=\"field_1_2\" class=\"gfield gfield--width-two-thirds field_sublabel_below field_description_below hidden_label gfield_visibility_visible\" ><label class='gfield_label' for='input_1_2' >E-post<\/label><div class='ginput_container ginput_container_email'>\n                            <input name='input_2' id='input_1_2' type='email' value='' class='large'   placeholder='E-MAIL'  aria-invalid=\"false\"  \/>\n                        <\/div><\/div><div class=\"spacer gfield\" style=\"grid-column: span 4;\"><\/div><div id=\"field_1_3\" class=\"gfield gfield--width-two-thirds field_sublabel_below field_description_below hidden_label gfield_visibility_visible\" ><label class='gfield_label' for='input_1_3' >Telefon<\/label><div class='ginput_container ginput_container_phone'><input name='input_3' id='input_1_3' type='tel' value='' class='large'  placeholder='TELEFON'  aria-invalid=\"false\"   \/><\/div><\/div><div class=\"spacer gfield\" style=\"grid-column: span 4;\"><\/div><div id=\"field_1_5\" class=\"gfield gfield--width-two-thirds field_sublabel_below field_description_below hidden_label gfield_visibility_visible\" ><label class='gfield_label' for='input_1_5' >Namnl\u00f6s<\/label><div class='ginput_container ginput_container_textarea'><textarea name='input_5' id='input_1_5' class='textarea medium'    placeholder='MEDDELANDE'  aria-invalid=\"false\"   rows='10' cols='50'><\/textarea><\/div><\/div><div class=\"spacer gfield\" style=\"grid-column: span 4;\"><\/div><\/div><\/div>\n        <div class='gform_footer top_label'> <input type='submit' id='gform_submit_button_1' class='gform_button button' value='Skicka'  onclick='if(window[\"gf_submitting_1\"]){return false;}  if( !jQuery(\"#gform_1\")[0].checkValidity || jQuery(\"#gform_1\")[0].checkValidity()){window[\"gf_submitting_1\"]=true;}  ' onkeypress='if( event.keyCode == 13 ){ if(window[\"gf_submitting_1\"]){return false;} if( !jQuery(\"#gform_1\")[0].checkValidity || jQuery(\"#gform_1\")[0].checkValidity()){window[\"gf_submitting_1\"]=true;}  jQuery(\"#gform_1\").trigger(\"submit\",[true]); }' \/> \n            <input type='hidden' class='gform_hidden' name='is_submit_1' value='1' \/>\n            <input type='hidden' class='gform_hidden' name='gform_submit' value='1' \/>\n            \n            <input type='hidden' class='gform_hidden' name='gform_unique_id' value='' \/>\n            <input type='hidden' class='gform_hidden' name='state_1' value='WyJbXSIsIjc4MGQ2MjRjNzBjZjQ2NzBlNTBmYmU0MThhYTI0MTNmIl0=' \/>\n            <input type='hidden' class='gform_hidden' name='gform_target_page_number_1' id='gform_target_page_number_1' value='0' \/>\n            <input type='hidden' class='gform_hidden' name='gform_source_page_number_1' id='gform_source_page_number_1' value='1' \/>\n            <input type='hidden' name='gform_field_values' value='' \/>\n            \n        <\/div>\n                        <\/form>\n                        <\/div>\n<p>[\/et_pb_text][\/et_pb_column][\/et_pb_row][\/et_pb_section]<\/p>\n","protected":false},"excerpt":{"rendered":"<p>V\u00e5ra Tj\u00e4nsterEnergideklaration <style>\r\nh3.demoClass {\r\ncolor: #26b158;\r\n}\r\n<\/style>\r\n<h3 class=\"demoClass\">Hejsan!!!<\/h3>2026-04-03Vi utf\u00f6r energideklaration.\u00a0 Energiklasser Energiklassning finns i deklarationerna f\u00f6r att g\u00f6ra det enklare f\u00f6r dig att j\u00e4mf\u00f6ra byggnader med varandra och f\u00e5 en uppfattning om deras energianv\u00e4ndning. S\u00e5 h\u00e4r fungerar energiklassningen av byggnader Energiklass A st\u00e5r f\u00f6r en l\u00e5g energianv\u00e4ndning och G f\u00f6r en h\u00f6g. En byggnad som har en energianv\u00e4ndning som motsvarar [&hellip;]<\/p>\n","protected":false},"author":1,"featured_media":0,"parent":164,"menu_order":0,"comment_status":"closed","ping_status":"closed","template":"","meta":{"_et_pb_use_builder":"on","_et_pb_old_content":"","_et_gb_content_width":"","footnotes":""},"class_list":["post-225","page","type-page","status-publish","hentry"],"_links":{"self":[{"href":"https:\/\/exempelwebb.se\/besiktningshuset\/wp-json\/wp\/v2\/pages\/225","targetHints":{"allow":["GET"]}}],"collection":[{"href":"https:\/\/exempelwebb.se\/besiktningshuset\/wp-json\/wp\/v2\/pages"}],"about":[{"href":"https:\/\/exempelwebb.se\/besiktningshuset\/wp-json\/wp\/v2\/types\/page"}],"author":[{"embeddable":true,"href":"https:\/\/exempelwebb.se\/besiktningshuset\/wp-json\/wp\/v2\/users\/1"}],"replies":[{"embeddable":true,"href":"https:\/\/exempelwebb.se\/besiktningshuset\/wp-json\/wp\/v2\/comments?post=225"}],"version-history":[{"count":10,"href":"https:\/\/exempelwebb.se\/besiktningshuset\/wp-json\/wp\/v2\/pages\/225\/revisions"}],"predecessor-version":[{"id":717,"href":"https:\/\/exempelwebb.se\/besiktningshuset\/wp-json\/wp\/v2\/pages\/225\/revisions\/717"}],"up":[{"embeddable":true,"href":"https:\/\/exempelwebb.se\/besiktningshuset\/wp-json\/wp\/v2\/pages\/164"}],"wp:attachment":[{"href":"https:\/\/exempelwebb.se\/besiktningshuset\/wp-json\/wp\/v2\/media?parent=225"}],"curies":[{"name":"wp","href":"https:\/\/api.w.org\/{rel}","templated":true}]}}